{"id":4450,"date":"2016-06-10T18:31:52","date_gmt":"2016-06-10T16:31:52","guid":{"rendered":"https:\/\/www.trendcity.de\/en\/objekte\/"},"modified":"2021-11-19T11:41:00","modified_gmt":"2021-11-19T10:41:00","slug":"projects","status":"publish","type":"page","link":"https:\/\/www.trendcity.de\/en\/projects\/","title":{"rendered":"Projects"},"content":{"rendered":"\n\n\t\t\t\t<a href=\"https:\/\/trendcity.de\/pladelu-penthouse\/\" target=\"_blank\" rel=\"noopener\" itemprop=\"url\">\n\t\t\t\t<img loading=\"lazy\" decoding=\"async\" src=\"https:\/\/www.trendcity.de\/wp-content\/uploads\/2020\/01\/Pla-de-Lu-Berlin-T-Damm-TRENDCITY-Penthouse.jpg\" alt=\"Penthouse-Wohnungen-Dachgeschoss\" itemprop=\"image\" height=\"667\" width=\"1000\" title=\"Pla-de-Lu-Berlin-T-Damm-TRENDCITY-Penthouse\" onerror=\"this.style.display='none'\"  \/>\n\t\t\t\t<\/a>\n\t<h2>Pla-de-Lu &#8211; Penthouses<\/h2>\n<strong>Exclusive penthouses<br \/>\nwith a unique view<\/strong>\nTempelhofer Damm 4 &amp; 6<br \/>\n12101 Berlin\n<p>Berlin-Tempelhof<\/p>\n<p>New building<\/p>\n<p>First occupancy<\/p>\n<p><a href=\"https:\/\/trendcity.de\/pladelu-penthouse\/\" target=\"_blank\" rel=\"noopener\">www.trendcity.de\/pladelu-penthouse<\/a><\/p>\n\t\t\t\t<a href=\"https:\/\/trendcity.de\/pladelu-penthouse\/\" target=\"_blank\" rel=\"noopener\" itemprop=\"url\">\n\t\t\t\t<img loading=\"lazy\" decoding=\"async\" src=\"https:\/\/www.trendcity.de\/wp-content\/uploads\/2019\/11\/Leibniz-Str.jpg\" alt=\"Leibniz-Str\" itemprop=\"image\" height=\"3136\" width=\"4705\" title=\"Leibniz-Str\" onerror=\"this.style.display='none'\"  \/>\n\t\t\t\t<\/a>\n\t<h2>Leibniz77-78<\/h2>\n<b>Valuable. Sought after.<br \/>\nLimited.<\/b>\nLeibnizstra\u00dfe 77-78<br \/>\n10758 Berlin\n<p>Berlin-Charlottenburg<\/p>\n<p>New building<\/p>\n<p>Partly for occupancy<\/p>\n<a href=\"https:\/\/www.leibniz77-78.de\" target=\"_blank\" rel=\"noopener\">www.leibniz77-78.de<\/a><br \/>\n<a href=\"https:\/\/www.leibniz77-78.de\/ru\/\" target=\"_blank\" rel=\"noopener\"><img decoding=\"async\" title=\"Russian version available\" src=\"https:\/\/www.trendcity.de\/wp-content\/uploads\/2020\/01\/ru-lang.svg\" alt=\"\" \/><\/a> <a href=\"https:\/\/www.leibniz77-78.de\/ru\/\" target=\"_blank\" rel=\"noopener\">www.leibniz77-78.de\/ru\/<\/a>\n\t\t\t\t<a href=\"https:\/\/www.wartburg51.de\" target=\"_blank\" rel=\"noopener\" itemprop=\"url\">\n\t\t\t\t<img loading=\"lazy\" decoding=\"async\" src=\"https:\/\/www.trendcity.de\/wp-content\/uploads\/2019\/09\/web-1.jpg\" alt=\"web-1\" itemprop=\"image\" height=\"1050\" width=\"1574\" title=\"web-1\" onerror=\"this.style.display='none'\"  \/>\n\t\t\t\t<\/a>\n\t<h2>Wartburg51<\/h2>\n<b>Elegant design<br \/>\nplays with past<\/b>\nWartburgstra\u00dfe 51<br \/>\n10823 Berlin\n<p>Berlin-Sch\u00f6neberg<\/p>\n<p>Old building<\/p>\n<p>Partly for occupancy<\/p>\n<p><a href=\"https:\/\/www.wartburg51.de\" target=\"_blank\" rel=\"noopener\">www.wartburg51.de<\/a><\/p>\n\t\t\t\t<a href=\"https:\/\/www.kavalier10.de\" target=\"_blank\" rel=\"noopener\" itemprop=\"url\">\n\t\t\t\t<img loading=\"lazy\" decoding=\"async\" src=\"https:\/\/www.trendcity.de\/wp-content\/uploads\/2019\/09\/IMG_2909.jpg\" alt=\"IMG_2909\" itemprop=\"image\" height=\"3648\" width=\"5472\" title=\"IMG_2909\" onerror=\"this.style.display='none'\"  \/>\n\t\t\t\t<\/a>\n\t<h2>Kavalier10<\/h2>\n<b>Contrasts in<br \/>\nharmony<\/b>\nKavalierstra\u00dfe 10 \/ Wolfshagener Stra\u00dfe 80<br \/>\n13187 Berlin\n<p>Berlin-Pankow<\/p>\n<p>Old building<\/p>\n<p>Partly for occupancy<\/p>\n<p><a href=\"https:\/\/www.kavalier10.de\" target=\"_blank\" rel=\"noopener\">www.kavalier10.de<\/a><\/p>\n\t\t\t\t<a href=\"https:\/\/www.luetzow21.de\" target=\"_blank\" rel=\"noopener\" itemprop=\"url\">\n\t\t\t\t<img loading=\"lazy\" decoding=\"async\" src=\"https:\/\/www.trendcity.de\/wp-content\/uploads\/2019\/09\/L\u00fctzow-Webseite2-1.jpg\" alt=\"L\u00fctzow-Webseite2\" itemprop=\"image\" height=\"667\" width=\"1000\" title=\"L\u00fctzow-Webseite2\" onerror=\"this.style.display='none'\"  \/>\n\t\t\t\t<\/a>\n\t<h2>L\u00fctzow21<\/h2>\n<b>Living on a<br \/>\nnew level<\/b>\nL\u00fctzowstra\u00dfe 21<br \/>\n10758 Berlin\n<p>Berlin-Tiergarten<\/p>\n<p>New building<\/p>\n<p>Partly for occupancy<\/p>\n<p><a href=\"https:\/\/www.luetzow21.de\" target=\"_blank\" rel=\"noopener\">www.luetzow21.de<\/a><\/p>\n\t\t\t\t<img loading=\"lazy\" decoding=\"async\" src=\"https:\/\/www.trendcity.de\/wp-content\/uploads\/2019\/11\/Osloer-Str-114-Fassade.jpg\" alt=\"Osloer-Str-114-Fassade\" itemprop=\"image\" height=\"1280\" width=\"1920\" title=\"Osloer-Str-114-Fassade\" onerror=\"this.style.display='none'\"  \/>\n\t<h2>Osloer114<\/h2>\n<b>Central location<br \/>\nand diversity<\/b>\nOsloer Str. 114<br \/>\n13359 Berlin\n<p>Berlin-Wedding<\/p>\n<p>Old building<\/p>\n<p>Partly for occupancy<\/p>\n\n\t\t\t\t<a href=\"http:\/\/www.mariengaerten.berlin\" target=\"_blank\" rel=\"noopener\" itemprop=\"url\">\n\t\t\t\t<img loading=\"lazy\" decoding=\"async\" src=\"https:\/\/www.trendcity.de\/wp-content\/uploads\/2016\/06\/wohnungen-kaufen-mariengaerten-vorschau-1.jpg\" alt=\"Wohnungen kaufen Berlin Tempelhof Marieng\u00e4rten\" itemprop=\"image\" height=\"960\" width=\"1440\" title=\"Wohnungen kaufen Berlin Tempelhof Marieng\u00e4rten\" onerror=\"this.style.display='none'\"  \/>\n\t\t\t\t<\/a>\n\t<h2>Marieng\u00e4rten<\/h2>\n<strong>Your own realm in South Berlin &#8211;<br \/>\nGreen, relaxed and easily accessible<\/strong>\nFritz-Werner-Stra\u00dfe 50\/52,\u00a054\/56<br \/>\n12107 Berlin\n<p>Berlin Tempelhof-Sch\u00f6neberg<\/p>\n<p>Constructed 1989<\/p>\n<p>Partly for occupancy<\/p>\n<p><a href=\"http:\/\/www.mariengaerten.berlin\/\" target=\"_blank\" rel=\"noopener\">www.marieng\u00e4rten.berlin<\/a><\/p>\n\t\t\t\t<a href=\"https:\/\/www.bergmann108.com\/\" target=\"_blank\" rel=\"noopener\" itemprop=\"url\">\n\t\t\t\t<img loading=\"lazy\" decoding=\"async\" src=\"https:\/\/www.trendcity.de\/wp-content\/uploads\/2018\/07\/wohnung-kaufen-bergmannstr-kreuzberg-berlin.jpg\" alt=\"Bergmannstr. 108: Wohnungen kaufen in Kreuzberg Berlin\" itemprop=\"image\" height=\"960\" width=\"1440\" title=\"wohnung-kaufen-bergmannstr-kreuzberg-berlin\" onerror=\"this.style.display='none'\"  \/>\n\t\t\t\t<\/a>\n\t<h2>Bergmann108<\/h2>\n<b>Living in a vibrant and highly<br \/>\nsought-after neighbourhood<\/b>\nBergmannstr. 108<br \/>\n10961 Berlin\n<p>Berlin-Kreuzberg<\/p>\n<p>Old building<\/p>\n<p>Rented apartments for sale<\/p>\n<p><a href=\"https:\/\/www.bergmann108.com\/\" target=\"_blank\" rel=\"noopener\">www.bergmann108.com<\/a><\/p>\n\t\t\t\t<a href=\"https:\/\/www.arndt14.com\" target=\"_blank\" rel=\"noopener\" itemprop=\"url\">\n\t\t\t\t<img loading=\"lazy\" decoding=\"async\" src=\"https:\/\/www.trendcity.de\/wp-content\/uploads\/2018\/07\/wohnung-kaufen-arndtstr-kreuzberg-berlin.jpg\" alt=\"Arndtstr. 14: Wohnungen kaufen in Kreuzberg Berlin\" itemprop=\"image\" height=\"960\" width=\"1440\" title=\"wohnung-kaufen-arndtstr-kreuzberg-berlin\" onerror=\"this.style.display='none'\"  \/>\n\t\t\t\t<\/a>\n\t<h2>Arndt14<\/h2>\n<strong>A listed ensemble<br \/>\nin Kreuzberg<\/strong>\nArndtstr. 14<br \/>\n10965 Berlin\n<p>Berlin-Kreuzberg<\/p>\n<p>Old building<\/p>\n<p>Rented apartments for sale<\/p>\n<p><a href=\"https:\/\/www.arndt14.com\/\" target=\"_blank\" rel=\"noopener\">www.arndt14.com<\/a><\/p>\n\t\t\t\t<a href=\"https:\/\/www.grimm23.com\" target=\"_blank\" rel=\"noopener\" itemprop=\"url\">\n\t\t\t\t<img loading=\"lazy\" decoding=\"async\" src=\"https:\/\/www.trendcity.de\/wp-content\/uploads\/2018\/07\/wohnung-kaufen-grimmstr-kreuzberg-berlin.jpg\" alt=\"Grimmstr. 23: Wohnungen kaufen in Kreuzberg Berlin\" itemprop=\"image\" height=\"960\" width=\"1440\" title=\"wohnung-kaufen-grimmstr-kreuzberg-berlin\" onerror=\"this.style.display='none'\"  \/>\n\t\t\t\t<\/a>\n\t<h2>Grimm23<\/h2>\n<strong>Art nouveau building &amp;<\/strong><br \/>\n<strong>courtyard outhouse<\/strong>\nGrimmstr. 23<br \/>\n10967 Berlin\n<p>Berlin-Kreuzberg<\/p>\n<p>Old building<\/p>\n<p>Rented apartments for sale<\/p>\n<p><a href=\"https:\/\/www.grimm23.com\" target=\"_blank\" rel=\"noopener\">www.grimm23.com<\/a><\/p>\n\t\t\t\t<a href=\"https:\/\/zimmerstrasse14.de\" target=\"_blank\" rel=\"noopener\" itemprop=\"url\">\n\t\t\t\t<img loading=\"lazy\" decoding=\"async\" src=\"https:\/\/www.trendcity.de\/wp-content\/uploads\/2021\/11\/Wilhelms-2-1.jpg\" alt=\"Wilhelms (2)\" itemprop=\"image\" height=\"960\" width=\"1440\" title=\"Wilhelms (2)\" onerror=\"this.style.display='none'\"  \/>\n\t\t\t\t<\/a>\n\t<h2>Wilhems<\/h2>\n<p><strong>Apartments in an old building in the neighbourhood of Spandau<\/strong><\/p>\nZimmerstr. 14 und 14a<br \/>\n13959 Berlin\n<p>Berlin-Spandau<\/p>\n<p>Old building<\/p>\n<p>Partly for occupancy<\/p>\n<p><a href=\"https:\/\/zimmerstrasse14.de\" target=\"_blank\" rel=\"noopener\">www.zimmerstrasse14.de<\/a><\/p>\n\t\t\t\t<a href=\"http:\/\/www.koenigstadtquartier.de\/\" target=\"_blank\" rel=\"noopener\" itemprop=\"url\">\n\t\t\t\t<img loading=\"lazy\" decoding=\"async\" src=\"https:\/\/www.trendcity.de\/wp-content\/uploads\/2021\/11\/Trendcity_Koenigstadt-Quartier_vermietet-EN-1.jpg\" alt=\"Trendcity_Koenigstadt-Quartier_vermietet-EN\" itemprop=\"image\" height=\"960\" width=\"1440\" title=\"Trendcity_Koenigstadt-Quartier_vermietet-EN\" onerror=\"this.style.display='none'\"  \/>\n\t\t\t\t<\/a>\n\t<h2>K\u00f6nigstadt Quartier<\/h2>\n<strong>Exclusively equipped rental apartments<br \/>\nin the heart of Berlin-Mitte<\/strong>\nPauline-Staegemann-Stra\u00dfe 2, 4, 6<br \/>\n10249 Berlin\n<p>Berlin-Mitte<\/p>\n<p>New building<\/p>\n<p>First occupancy, ready 11\/2020<\/p>\n<p><a href=\"http:\/\/www.koenigstadtquartier.de\" target=\"_blank\" rel=\"noopener\">www.koenigstadtquartier.de<\/a><\/p>\n\t\t\t\t<img loading=\"lazy\" decoding=\"async\" src=\"https:\/\/www.trendcity.de\/wp-content\/uploads\/2021\/11\/Trendcity_Yorck-sold-1.jpg\" alt=\"Trendcity_Yorck-sold\" itemprop=\"image\" height=\"960\" width=\"1440\" title=\"Trendcity_Yorck-sold\" onerror=\"this.style.display='none'\"  \/>\n\t<h2>Yorck 60<\/h2>\n<strong>A pearl from the turn of the century<br \/>\nin Kreuzberg<\/strong>\nYorckstra\u00dfe 60<br \/>\n10965 Berlin\n<p>Berlin-Kreuzberg<\/p>\n<p>Old building<\/p>\n<p>Partly for occupancy<\/p>\n\t\t\t\t<img loading=\"lazy\" decoding=\"async\" src=\"https:\/\/www.trendcity.de\/wp-content\/uploads\/2021\/11\/Neue-Garde-2-1.jpg\" alt=\"Neue Garde (2)\" itemprop=\"image\" height=\"960\" width=\"1440\" title=\"Neue Garde (2)\" onerror=\"this.style.display='none'\"  \/>\n\t<h2>Neue Garde<\/h2>\n<b>Corner building in<br \/>\nLichterfelde<\/b>\nGardesch\u00fctzenweg 66 \/ Moltkestra\u00dfe 51<br \/>\n12203 Berlin\n<p>Berlin-Lichterfelde<\/p>\n<p>Old building<\/p>\n<p>Capital investment<\/p>\n\n\t\t\t\t<img loading=\"lazy\" decoding=\"async\" src=\"https:\/\/www.trendcity.de\/wp-content\/uploads\/2021\/11\/Parkviertel-2-1.jpg\" alt=\"Parkviertel (2)\" itemprop=\"image\" height=\"960\" width=\"1440\" title=\"Parkviertel (2)\" onerror=\"this.style.display='none'\"  \/>\n\t<h2>Parkviertel<\/h2>\n<strong>Green &amp; central living<br \/>\nin the heart of Berlin<\/strong>\nGreifswalder Stra\u00dfe, Anton-Saefkow-Stra\u00dfe, Eugen-Sch\u00f6nhaar-Stra\u00dfe, John-Schehr-Stra\u00dfe<br \/>\n10407 Berlin\n<p>Berlin-Prenzlauer Berg<\/p>\n<p>Altneubau<\/p>\n<p>Partly for occupancy<\/p>\n\n\t\t\t\t<img loading=\"lazy\" decoding=\"async\" src=\"https:\/\/www.trendcity.de\/wp-content\/uploads\/2021\/11\/Wrangel-94-2-1.jpg\" alt=\"Wrangel 94 (2)\" itemprop=\"image\" height=\"960\" width=\"1440\" title=\"Wrangel 94 (2)\" onerror=\"this.style.display='none'\"  \/>\n\t<h2>Wrangel 94<\/h2>\n<strong>A beautiful home in<br \/>\nthe heart of Berlin<\/strong>\nBrunnenstra\u00dfe 182<br \/>\n10119 Berlin<br \/>\n\u00a0 \n<p>Berlin-Mitte<\/p>\n<p>Old building<\/p>\n<p>Currently only rented apartments for sale<\/p>\n\n\t\t\t\t<a href=\"http:\/\/www.kilstetter.berlin\/\" target=\"_blank\" rel=\"noopener\" itemprop=\"url\">\n\t\t\t\t<img loading=\"lazy\" decoding=\"async\" src=\"https:\/\/www.trendcity.de\/wp-content\/uploads\/2021\/11\/Kilstetter-2-1.jpg\" alt=\"Kilstetter (2)\" itemprop=\"image\" height=\"960\" width=\"1440\" title=\"Kilstetter (2)\" onerror=\"this.style.display='none'\"  \/>\n\t\t\t\t<\/a>\n\t<h2>Kilstetter Stra\u00dfe<\/h2>\n<strong>Where city life meets nature,<br \/>\nyou&#8217;ll find yourself at home<br \/>\n<\/strong>\nKilstetter Strasse<br \/>\n14167 Berlin<br \/>\n\u00a0\n<p>Berlin-Zehlendorf<\/p>\n<p>Old building<\/p>\n<p>Partly for occupancy<\/p>\n\n\t\t\t\t<a href=\"http:\/\/www.am-boxi.de\" target=\"_blank\" rel=\"noopener\" itemprop=\"url\">\n\t\t\t\t<img loading=\"lazy\" decoding=\"async\" src=\"https:\/\/www.trendcity.de\/wp-content\/uploads\/2021\/11\/Am-Boxi-2-1.jpg\" alt=\"Am Boxi (2)\" itemprop=\"image\" height=\"960\" width=\"1440\" title=\"Am Boxi (2)\" onerror=\"this.style.display='none'\"  \/>\n\t\t\t\t<\/a>\n\t<h2>Am Boxi<\/h2>\n<strong>Living at Boxhagener Platz &#8211;<br \/>\nRental flats close to Warschauer Stra\u00dfe<br \/>\n<\/strong>\nGabriel-Max-Stra\u00dfe \/Gr\u00fcnberger Stra\u00dfe<br \/>\n10245 Berlin\n<p>Berlin-Friedrichshain<\/p>\n<p>Flats let for rent<\/p>\n<p>85 flats, from 50m\u00b2, balcony, elevators<\/p>\n\n\t\t\t\t<img loading=\"lazy\" decoding=\"async\" src=\"https:\/\/www.trendcity.de\/wp-content\/uploads\/2021\/11\/Koepi-194-2-1.jpg\" alt=\"Koepi 194 (2)\" itemprop=\"image\" height=\"960\" width=\"1440\" title=\"Koepi 194 (2)\" onerror=\"this.style.display='none'\"  \/>\n\t<h2>Koepi 194<\/h2>\n<strong>Beautiful old building<br \/>\nnear to &#8220;Oberbaumbr\u00fccke&#8221;<\/strong>\nK\u00f6penicker Str. 194<br \/>\n10997 Berlin\n<p>Berlin-Kreuzberg<\/p>\n<p>Old building<\/p>\n<p>Vacant residential units\u00a0<\/p>\n\n\t\t\t\t<img loading=\"lazy\" decoding=\"async\" src=\"https:\/\/www.trendcity.de\/wp-content\/uploads\/2021\/11\/Brunnen-182-2-1.jpg\" alt=\"Brunnen 182 (2)\" itemprop=\"image\" height=\"960\" width=\"1440\" title=\"Brunnen 182 (2)\" onerror=\"this.style.display='none'\"  \/>\n\t<h2>Brunnen 182<\/h2>\n<strong>Kreuzberg&#8217;s calling &#8211; Living in<br \/>\nthe trendy district of Berlin<\/strong>\nWrangelstra\u00dfe 94<br \/>\n10997 Berlin\n<p>Berlin-Kreuzberg<\/p>\n<p>Old building<\/p>\n<p>Vacant residential units and one rented commercial unit<\/p>\n\n\t\t\t\t<img loading=\"lazy\" decoding=\"async\" src=\"https:\/\/www.trendcity.de\/wp-content\/uploads\/2021\/11\/Bornholmer-80-2-1.jpg\" alt=\"Bornholmer 80 (2)\" itemprop=\"image\" height=\"960\" width=\"1440\" title=\"Bornholmer 80 (2)\" onerror=\"this.style.display='none'\"  \/>\n\t<h2>Bornholmer 80<\/h2>\n<p><strong>Living in a smart and classical building of the founding period<\/strong><\/p>\nBornholmer Stra\u00dfe 80 \/ 80a<br \/>\n10439 Berlin\n<p>Berlin-Prenzlauer Berg<\/p>\n<p>Old building<\/p>\n<p>Both vacant and rented apartments<\/p>\n\n\t\t\t\t<img loading=\"lazy\" decoding=\"async\" src=\"https:\/\/www.trendcity.de\/wp-content\/uploads\/2021\/11\/islandische-2.jpg\" alt=\"isl\u00e4ndische (2)\" itemprop=\"image\" height=\"960\" width=\"1440\" title=\"isl\u00e4ndische (2)\" onerror=\"this.style.display='none'\"  \/>\n\t<h2>Isl\u00e4ndische 9<\/h2>\n<strong>&#8220;Altbau&#8221; charm in<br \/>\nPrenzlauer Berg<br \/>\n<\/strong>\nIsl\u00e4ndische Stra\u00dfe 9 \/<br \/>\nNorweger Stra\u00dfe 3<br \/>\n10439 Berlin\n<p>Berlin-Prenzlauer Berg<\/p>\n<p>Old building, year of construction 1908<\/p>\n<p>Currently only rented apartments for sale<\/p>\n\n\t\t\t\t<img loading=\"lazy\" decoding=\"async\" src=\"https:\/\/www.trendcity.de\/wp-content\/uploads\/2021\/11\/Mittenwalder-2-1.jpg\" alt=\"Mittenwalder (2)\" itemprop=\"image\" height=\"960\" width=\"1440\" title=\"Mittenwalder (2)\" onerror=\"this.style.display='none'\"  \/>\n\t<h2>Mittenwalder Stra\u00dfe<\/h2>\n<strong>Canals and cafes in the capital &#8211;<br \/>\na quarter to call home<\/strong>\nMittenwalder Str. \/<br \/>\nF\u00fcrbringer Str.<br \/>\n10961 Berlin\n<p>Berlin-Kreuzberg<\/p>\n<p>Old building<\/p>\n<p>Partly for occupancy<\/p>\n\n\t\t\t\t<img loading=\"lazy\" decoding=\"async\" src=\"https:\/\/www.trendcity.de\/wp-content\/uploads\/2021\/11\/Trift-2-1.jpg\" alt=\"Trift (2)\" itemprop=\"image\" height=\"960\" width=\"1440\" title=\"Trift (2)\" onerror=\"this.style.display='none'\"  \/>\n\t<h2>Triftstrasse<\/h2>\n<strong>A great place to live &#8211; in the midst<br \/>\nof the &#8220;Sprengel&#8221; neighbourhood<\/strong>\nTriftstra\u00dfe 46<br \/>\n13353 Berlin<br \/>\n\u00ad\u00ad\n<p>Berlin-Wedding<\/p>\n<p>Old building<\/p>\n<p>Partly for occupancy<\/p>\n\n\t<h2>Interested in other\u00a0properties?<\/h2>\n<p>Simply register with us. We will fulfil your wishes and help you to find your dream property. Our experienced employees will be pleased to receive your search enquiry.<\/p>\n<p><a href=\"https:\/\/www.trendcity.de\/en\/contact\/\">Contact us now!<\/a><\/p>\n\n","protected":false},"excerpt":{"rendered":"<p>Pla-de-Lu &#8211; Penthouses Exclusive penthouses with a unique view Tempelhofer Damm 4 &amp; 6 12101 Berlin Berlin-Tempelhof New building First occupancy www.trendcity.de\/pladelu-penthouse Leibniz77-78 Valuable. Sought after. Limited. Leibnizstra\u00dfe 77-78 10758 Berlin Berlin-Charlottenburg New building Partly for occupancy www.leibniz77-78.de www.leibniz77-78.de\/ru\/ Wartburg51 Elegant design plays with past Wartburgstra\u00dfe 51 10823 Berlin Berlin-Sch\u00f6neberg Old building Partly for occupancy [&hellip;]<\/p>\n","protected":false},"author":1,"featured_media":0,"parent":0,"menu_order":0,"comment_status":"closed","ping_status":"closed","template":"","meta":{"footnotes":""},"class_list":["post-4450","page","type-page","status-publish","hentry"],"yoast_head":"<!-- This site is optimized with the Yoast SEO plugin v27.5 - https:\/\/yoast.com\/product\/yoast-seo-wordpress\/ -->\n<title>Projects - TRENDCITY GmbH Berlin<\/title>\n<meta name=\"robots\" content=\"index, follow, max-snippet:-1, max-image-preview:large, max-video-preview:-1\" \/>\n<link rel=\"canonical\" href=\"https:\/\/www.trendcity.de\/en\/projects\/\" \/>\n<meta property=\"og:locale\" content=\"en_US\" \/>\n<meta property=\"og:type\" content=\"article\" \/>\n<meta property=\"og:title\" content=\"Projects - TRENDCITY GmbH Berlin\" \/>\n<meta property=\"og:description\" content=\"Pla-de-Lu &#8211; Penthouses Exclusive penthouses with a unique view Tempelhofer Damm 4 &amp; 6 12101 Berlin Berlin-Tempelhof New building First occupancy www.trendcity.de\/pladelu-penthouse Leibniz77-78 Valuable. Sought after. Limited. Leibnizstra\u00dfe 77-78 10758 Berlin Berlin-Charlottenburg New building Partly for occupancy www.leibniz77-78.de www.leibniz77-78.de\/ru\/ Wartburg51 Elegant design plays with past Wartburgstra\u00dfe 51 10823 Berlin Berlin-Sch\u00f6neberg Old building Partly for occupancy [&hellip;]\" \/>\n<meta property=\"og:url\" content=\"https:\/\/www.trendcity.de\/en\/projects\/\" \/>\n<meta property=\"og:site_name\" content=\"TRENDCITY GmbH Berlin\" \/>\n<meta property=\"article:modified_time\" content=\"2021-11-19T10:41:00+00:00\" \/>\n<meta property=\"og:image\" content=\"https:\/\/www.trendcity.de\/wp-content\/uploads\/2020\/01\/Pla-de-Lu-Berlin-T-Damm-TRENDCITY-Penthouse.jpg\" \/>\n<meta name=\"twitter:label1\" content=\"Est. reading time\" \/>\n\t<meta name=\"twitter:data1\" content=\"3 minutes\" \/>\n<script type=\"application\/ld+json\" class=\"yoast-schema-graph\">{\"@context\":\"https:\\\/\\\/schema.org\",\"@graph\":[{\"@type\":\"WebPage\",\"@id\":\"https:\\\/\\\/www.trendcity.de\\\/en\\\/projects\\\/\",\"url\":\"https:\\\/\\\/www.trendcity.de\\\/en\\\/projects\\\/\",\"name\":\"Projects - TRENDCITY GmbH Berlin\",\"isPartOf\":{\"@id\":\"https:\\\/\\\/www.trendcity.de\\\/en\\\/#website\"},\"primaryImageOfPage\":{\"@id\":\"https:\\\/\\\/www.trendcity.de\\\/en\\\/projects\\\/#primaryimage\"},\"image\":{\"@id\":\"https:\\\/\\\/www.trendcity.de\\\/en\\\/projects\\\/#primaryimage\"},\"thumbnailUrl\":\"https:\\\/\\\/www.trendcity.de\\\/wp-content\\\/uploads\\\/2020\\\/01\\\/Pla-de-Lu-Berlin-T-Damm-TRENDCITY-Penthouse.jpg\",\"datePublished\":\"2016-06-10T16:31:52+00:00\",\"dateModified\":\"2021-11-19T10:41:00+00:00\",\"breadcrumb\":{\"@id\":\"https:\\\/\\\/www.trendcity.de\\\/en\\\/projects\\\/#breadcrumb\"},\"inLanguage\":\"en-US\",\"potentialAction\":[{\"@type\":\"ReadAction\",\"target\":[\"https:\\\/\\\/www.trendcity.de\\\/en\\\/projects\\\/\"]}]},{\"@type\":\"ImageObject\",\"inLanguage\":\"en-US\",\"@id\":\"https:\\\/\\\/www.trendcity.de\\\/en\\\/projects\\\/#primaryimage\",\"url\":\"https:\\\/\\\/www.trendcity.de\\\/wp-content\\\/uploads\\\/2020\\\/01\\\/Pla-de-Lu-Berlin-T-Damm-TRENDCITY-Penthouse.jpg\",\"contentUrl\":\"https:\\\/\\\/www.trendcity.de\\\/wp-content\\\/uploads\\\/2020\\\/01\\\/Pla-de-Lu-Berlin-T-Damm-TRENDCITY-Penthouse.jpg\"},{\"@type\":\"BreadcrumbList\",\"@id\":\"https:\\\/\\\/www.trendcity.de\\\/en\\\/projects\\\/#breadcrumb\",\"itemListElement\":[{\"@type\":\"ListItem\",\"position\":1,\"name\":\"Startseite\",\"item\":\"https:\\\/\\\/www.trendcity.de\\\/en\\\/\"},{\"@type\":\"ListItem\",\"position\":2,\"name\":\"Projects\"}]},{\"@type\":\"WebSite\",\"@id\":\"https:\\\/\\\/www.trendcity.de\\\/en\\\/#website\",\"url\":\"https:\\\/\\\/www.trendcity.de\\\/en\\\/\",\"name\":\"TRENDCITY GmbH Berlin\",\"description\":\"Vermietung und Verkauf von Immobilien in Berlin\",\"potentialAction\":[{\"@type\":\"SearchAction\",\"target\":{\"@type\":\"EntryPoint\",\"urlTemplate\":\"https:\\\/\\\/www.trendcity.de\\\/en\\\/?s={search_term_string}\"},\"query-input\":{\"@type\":\"PropertyValueSpecification\",\"valueRequired\":true,\"valueName\":\"search_term_string\"}}],\"inLanguage\":\"en-US\"}]}<\/script>\n<!-- \/ Yoast SEO plugin. -->","yoast_head_json":{"title":"Projects - TRENDCITY GmbH Berlin","robots":{"index":"index","follow":"follow","max-snippet":"max-snippet:-1","max-image-preview":"max-image-preview:large","max-video-preview":"max-video-preview:-1"},"canonical":"https:\/\/www.trendcity.de\/en\/projects\/","og_locale":"en_US","og_type":"article","og_title":"Projects - TRENDCITY GmbH Berlin","og_description":"Pla-de-Lu &#8211; Penthouses Exclusive penthouses with a unique view Tempelhofer Damm 4 &amp; 6 12101 Berlin Berlin-Tempelhof New building First occupancy www.trendcity.de\/pladelu-penthouse Leibniz77-78 Valuable. Sought after. Limited. Leibnizstra\u00dfe 77-78 10758 Berlin Berlin-Charlottenburg New building Partly for occupancy www.leibniz77-78.de www.leibniz77-78.de\/ru\/ Wartburg51 Elegant design plays with past Wartburgstra\u00dfe 51 10823 Berlin Berlin-Sch\u00f6neberg Old building Partly for occupancy [&hellip;]","og_url":"https:\/\/www.trendcity.de\/en\/projects\/","og_site_name":"TRENDCITY GmbH Berlin","article_modified_time":"2021-11-19T10:41:00+00:00","og_image":[{"url":"https:\/\/www.trendcity.de\/wp-content\/uploads\/2020\/01\/Pla-de-Lu-Berlin-T-Damm-TRENDCITY-Penthouse.jpg","type":"","width":"","height":""}],"twitter_misc":{"Est. reading time":"3 minutes"},"schema":{"@context":"https:\/\/schema.org","@graph":[{"@type":"WebPage","@id":"https:\/\/www.trendcity.de\/en\/projects\/","url":"https:\/\/www.trendcity.de\/en\/projects\/","name":"Projects - TRENDCITY GmbH Berlin","isPartOf":{"@id":"https:\/\/www.trendcity.de\/en\/#website"},"primaryImageOfPage":{"@id":"https:\/\/www.trendcity.de\/en\/projects\/#primaryimage"},"image":{"@id":"https:\/\/www.trendcity.de\/en\/projects\/#primaryimage"},"thumbnailUrl":"https:\/\/www.trendcity.de\/wp-content\/uploads\/2020\/01\/Pla-de-Lu-Berlin-T-Damm-TRENDCITY-Penthouse.jpg","datePublished":"2016-06-10T16:31:52+00:00","dateModified":"2021-11-19T10:41:00+00:00","breadcrumb":{"@id":"https:\/\/www.trendcity.de\/en\/projects\/#breadcrumb"},"inLanguage":"en-US","potentialAction":[{"@type":"ReadAction","target":["https:\/\/www.trendcity.de\/en\/projects\/"]}]},{"@type":"ImageObject","inLanguage":"en-US","@id":"https:\/\/www.trendcity.de\/en\/projects\/#primaryimage","url":"https:\/\/www.trendcity.de\/wp-content\/uploads\/2020\/01\/Pla-de-Lu-Berlin-T-Damm-TRENDCITY-Penthouse.jpg","contentUrl":"https:\/\/www.trendcity.de\/wp-content\/uploads\/2020\/01\/Pla-de-Lu-Berlin-T-Damm-TRENDCITY-Penthouse.jpg"},{"@type":"BreadcrumbList","@id":"https:\/\/www.trendcity.de\/en\/projects\/#breadcrumb","itemListElement":[{"@type":"ListItem","position":1,"name":"Startseite","item":"https:\/\/www.trendcity.de\/en\/"},{"@type":"ListItem","position":2,"name":"Projects"}]},{"@type":"WebSite","@id":"https:\/\/www.trendcity.de\/en\/#website","url":"https:\/\/www.trendcity.de\/en\/","name":"TRENDCITY GmbH Berlin","description":"Vermietung und Verkauf von Immobilien in Berlin","potentialAction":[{"@type":"SearchAction","target":{"@type":"EntryPoint","urlTemplate":"https:\/\/www.trendcity.de\/en\/?s={search_term_string}"},"query-input":{"@type":"PropertyValueSpecification","valueRequired":true,"valueName":"search_term_string"}}],"inLanguage":"en-US"}]}},"_links":{"self":[{"href":"https:\/\/www.trendcity.de\/en\/wp-json\/wp\/v2\/pages\/4450","targetHints":{"allow":["GET"]}}],"collection":[{"href":"https:\/\/www.trendcity.de\/en\/wp-json\/wp\/v2\/pages"}],"about":[{"href":"https:\/\/www.trendcity.de\/en\/wp-json\/wp\/v2\/types\/page"}],"author":[{"embeddable":true,"href":"https:\/\/www.trendcity.de\/en\/wp-json\/wp\/v2\/users\/1"}],"replies":[{"embeddable":true,"href":"https:\/\/www.trendcity.de\/en\/wp-json\/wp\/v2\/comments?post=4450"}],"version-history":[{"count":45,"href":"https:\/\/www.trendcity.de\/en\/wp-json\/wp\/v2\/pages\/4450\/revisions"}],"predecessor-version":[{"id":165418,"href":"https:\/\/www.trendcity.de\/en\/wp-json\/wp\/v2\/pages\/4450\/revisions\/165418"}],"wp:attachment":[{"href":"https:\/\/www.trendcity.de\/en\/wp-json\/wp\/v2\/media?parent=4450"}],"curies":[{"name":"wp","href":"https:\/\/api.w.org\/{rel}","templated":true}]}}